{"id":3798,"date":"2025-02-28T11:25:57","date_gmt":"2025-02-28T10:25:57","guid":{"rendered":"https:\/\/helgardering.se\/pools\/?page_id=3798"},"modified":"2026-01-20T20:11:13","modified_gmt":"2026-01-20T19:11:13","slug":"gratisversion","status":"publish","type":"page","link":"https:\/\/helgardering.se\/pools\/gratisversion\/","title":{"rendered":"Gratisversion"},"content":{"rendered":"\n\n\n<h2 style=\"color: rgb(255, 255, 255);\">Gratisversion<\/h2>\n\n\n\n\n<p style=\"color: rgb(255, 255, 255); font-size: x-large;\">Sveriges b\u00e4sta stryktipsprogram \u00e4r gratis<br>Inget kommersiellt program, eller inloggningskrav mer \u00e4n licenskoden.&nbsp;<br>N\u00e5gra funktioner \u00e4r Bortkopplade fr\u00e5n gratisversionen bland annat AI och intellimatrix med golaykodskapade mallar.<\/p>\n<p><span style=\"color: rgb(255, 255, 255); font-size: x-large;\">Vi erbjuder allm\u00e4nheten att anv\u00e4nda programmet med de 98% av funktionaliteten. Detta g\u00f6r att att anv\u00e4ndarna f\u00e5r funktioner som \u00f6vertr\u00e4ffar alla poolsspelsverktyg p\u00e5 den svenska marknaden utan kommersiellt syfte med affilities etcetera<\/span><\/p>\n<p><br><\/p>\n\n\n\n\n\n\n\n\n\n\n\n\n\n\n\n<h2 style=\"color: rgb(255, 255, 255);\"><font style=\"vertical-align: inherit;\"><font style=\"vertical-align: inherit;\"><font style=\"vertical-align: inherit;\"><font style=\"vertical-align: inherit;\"><font style=\"vertical-align: inherit;\"><font style=\"vertical-align: inherit;\"><font style=\"vertical-align: inherit;\"><font style=\"vertical-align: inherit;\">Nedladdning&nbsp;    <\/font><\/font><\/font><\/font><\/font><\/font><\/font><\/font><a href=\"https:\/\/helgardering.se\/helgardering\/setup.exe\" style=\"color: rgb(255, 255, 255);\"><font style=\"vertical-align: inherit;\"><font style=\"vertical-align: inherit;\"><font style=\"vertical-align: inherit;\"><font style=\"vertical-align: inherit;\"><font style=\"vertical-align: inherit;\"><font style=\"vertical-align: inherit;\"><font style=\"vertical-align: inherit;\"><font style=\"vertical-align: inherit;\">Version 2.0.5.001<\/font><\/font><\/font><\/font><\/font><\/font><\/font><\/font><\/a>4<\/h2>\n\n\n\n\n<p style=\"color: rgb(255, 255, 255);\"><font style=\"vertical-align: inherit;\"><font style=\"vertical-align: inherit;\"><font style=\"vertical-align: inherit;\"><font style=\"vertical-align: inherit;\"><font style=\"vertical-align: inherit;\"><font style=\"vertical-align: inherit;\"><font style=\"vertical-align: inherit;\"><font style=\"vertical-align: inherit;\"><font style=\"vertical-align: inherit;\"><font style=\"vertical-align: inherit;\"><font style=\"vertical-align: inherit;\"><font style=\"vertical-align: inherit;\"><\/font><\/font><\/font><\/font><\/font><\/font><\/font><\/font><\/font><\/font><\/font><\/font>Licenskoden \u00e4r inbyggd i programmet i gratisversionen. D\u00e4rf\u00f6r m\u00e5ste du ladda ned nytt program art 3:e m\u00e5nad<br><font style=\"vertical-align: inherit;\"><font style=\"vertical-align: inherit;\"><font style=\"vertical-align: inherit;\"><font style=\"vertical-align: inherit;\"><font style=\"vertical-align: inherit;\"><font style=\"vertical-align: inherit;\"><font style=\"vertical-align: inherit;\"><font style=\"vertical-align: inherit;\"><font style=\"vertical-align: inherit;\"><font style=\"vertical-align: inherit;\"><font style=\"vertical-align: inherit;\"><font style=\"vertical-align: inherit;\">LICENSKOD&nbsp; &nbsp;&nbsp;0001-VYJ9-CLCW-BRUR-U61C-4GEF<br>Klicka&nbsp;&nbsp;<\/font><\/font><\/font><\/font><\/font><\/font><\/font><\/font><\/font><\/font><\/font><\/font><strong><u><\/u><\/strong><span style=\"color:#ffff00;\"><a href=\"https:\/\/helgardering.se\/helgardering\/Helgardering50014.exe\"><strong style=\"color: rgb(255, 255, 0);\"><u><font style=\"vertical-align: inherit;\"><font style=\"vertical-align: inherit;\"><font style=\"vertical-align: inherit;\"><font style=\"vertical-align: inherit;\"><font style=\"vertical-align: inherit;\"><font style=\"vertical-align: inherit;\"><font style=\"vertical-align: inherit;\"><font style=\"vertical-align: inherit;\"><font style=\"vertical-align: inherit;\"><font style=\"vertical-align: inherit;\"><font style=\"vertical-align: inherit;\"><font style=\"vertical-align: inherit;\">H\u00c4R<\/font><\/font><\/font><\/font><\/font><\/font><\/font><\/font><\/font><\/font><\/font><\/font><\/u><\/strong><span style=\"color: rgb(255, 255, 0);\">&nbsp; <\/span><\/a><\/span><span style=\"color:#ffffff;\"><span style=\"\"><span style=\"\"><a href=\"https:\/\/helgardering.se\/helgardering\/Helgardering50014.exe\">&nbsp;<\/a><\/span>f\u00f6r nedladdning<\/span><font style=\"vertical-align: inherit;\"><font style=\"vertical-align: inherit;\"><font style=\"vertical-align: inherit;\"><font style=\"vertical-align: inherit;\"><font style=\"vertical-align: inherit;\"><font style=\"vertical-align: inherit;\"><font style=\"vertical-align: inherit;\"><font style=\"vertical-align: inherit;\"><font style=\"vertical-align: inherit;\"><font style=\"vertical-align: inherit;\"><a href=\"https:\/\/helgardering.se\/helgardering\/Helgardering3012.exe\"><\/a><br><font style=\"vertical-align: inherit;\"><font style=\"vertical-align: inherit;\">&nbsp;Giltig till och med 2026-02-28<\/font><\/font><\/font><\/font><\/font><\/font><\/font><\/font><\/font><\/font><\/font><\/font><\/span><font style=\"vertical-align: inherit;\"><font style=\"vertical-align: inherit;\"><font style=\"vertical-align: inherit;\"><font style=\"vertical-align: inherit;\"><font style=\"vertical-align: inherit;\"><font style=\"vertical-align: inherit;\"><font style=\"vertical-align: inherit;\"><font style=\"vertical-align: inherit;\"><font style=\"vertical-align: inherit;\"><font style=\"vertical-align: inherit;\"><font style=\"vertical-align: inherit;\"><font style=\"vertical-align: inherit;\"><br><br><\/font><\/font><\/font><\/font><\/font><\/font><\/font><\/font><\/font><\/font><\/font><\/font><font style=\"vertical-align: inherit;\"><font style=\"vertical-align: inherit;\"><font style=\"vertical-align: inherit;\"><font style=\"vertical-align: inherit;\"><font style=\"vertical-align: inherit;\"><font style=\"vertical-align: inherit;\"><a href=\"https:\/\/helgardering.se\/helgardering\/Helgardering3009.exe\"> <\/a><font style=\"vertical-align: inherit;\"><font style=\"vertical-align: inherit;\"><font style=\"vertical-align: inherit;\"><\/font><\/font><\/font><\/font><\/font><\/font><\/font><\/font><\/font><font style=\"vertical-align: inherit;\"><font style=\"vertical-align: inherit;\"><a href=\"https:\/\/helgardering.se\/helgardering\/setup23007.exe\"> <\/a><font style=\"vertical-align: inherit;\"><font style=\"vertical-align: inherit;\"><font style=\"vertical-align: inherit;\"><\/font><\/font><\/font><\/font><\/font><\/p>\n<p style=\"color: rgb(255, 255, 255);\"><font style=\"vertical-align: inherit;\"><font style=\"vertical-align: inherit;\"><font style=\"vertical-align: inherit;\"><font style=\"vertical-align: inherit;\"><font style=\"vertical-align: inherit;\"><font style=\"vertical-align: inherit;\"><font style=\"vertical-align: inherit;\"><font style=\"vertical-align: inherit;\"><font style=\"vertical-align: inherit;\"><font style=\"vertical-align: inherit;\"><font style=\"vertical-align: inherit;\"><font style=\"vertical-align: inherit;\">Licenskod byts ut var tredje m\u00e5nad. Har den gamla utg\u00e5tt s\u00e5 byt till den senaste.<\/font><\/font><\/font><\/font><\/font><\/font><\/font><\/font><\/font><\/font><\/font><\/font><\/p>\n\n\n\n\n\n\n\n\n\n<p style=\"color: rgb(255, 255, 255);\"><a href=\"https:\/\/www.youtube.com\/watch?v=urMO4GaTXnk\"><u style=\"font-size: x-large; color: rgb(255, 255, 0);\">Video f\u00f6r MGM-tipset och DBET<\/u><\/a><\/p>\n\n\n\n\n<h2 style=\"color: rgb(255, 255, 255);\">Support och regler<\/h2>\n\n\n\n\n<p style=\"color: rgb(255, 255, 255);\">Programmet f\u00e5r anv\u00e4ndas i befintligt skick. Vi friskriver oss fr\u00e5n all skada eller ekonomisk f\u00f6rlust som kan ha orsakats av anv\u00e4ndandet av programmet eller delar av kod som kommer fr\u00e5n tredjeparts leverant\u00f6rer. Det ges ingen support p\u00e5 programvaran. Programmet anv\u00e4nds p\u00e5 egen risk i befintligt skick.<br>Programmets eller delar av programmet f\u00e5r inte distribueras vidare, \u00f6vertr\u00e4delse kommer att beivras och polisanm\u00e4las.<br><br>Programmet \u00e4r testat p\u00e5 virustotal. Observera att test (https:\/\/www.virustotal.com\/gui\/home\/upload) s\u00e5 1 av 70 virusprogram detekteras en falsk positiv varning.. Algorimen&nbsp; ger en felaktig information. Hamnar filen i karant\u00e4n s\u00e5 kan ni \u00f6ppna den som tillf\u00f6rlitlig.&nbsp;<br><br><\/p><p pagelayer-id=\"3aa439\" class=\"p-3aa439 pagelayer-text\" style=\"width: 370px;\"><\/p><p class=\"pagelayer-text-holder pagelayer-pen\" pagelayer-editable=\"text\" contenteditable=\"true\"><\/p><p style=\"color: rgb(255, 255, 255);\"><span style=\"font-size: x-large;\">Fr\u00e5n f\u00f6retaget som varnar<\/span><em><br>&#8221;Heur&#8221; st\u00e5r f\u00f6r &#8221;heuristic&#8221;, vilket inneb\u00e4r att vi anv\u00e4nder en upps\u00e4ttning regler, algoritmer eller beteendeanalys f\u00f6r att uppt\u00e4cka potentiella hot som kanske inte har en specifik, k\u00e4nd signatur. Det \u00e4r ett proaktivt tillv\u00e4gag\u00e5ngss\u00e4tt f\u00f6r att identifiera misst\u00e4nkt beteende eller kodm\u00f6nster som kan indikera n\u00e4rvaron av en trojan eller annan skadlig kod. Filens beteende eller egenskaper utl\u00f6ste den heuristiska analysen som potentiellt skadlig. Det bekr\u00e4ftar dock inte n\u00f6dv\u00e4ndigtvis att filen verkligen \u00e4r en trojan. Det kan vara ett falskt positivt, d\u00e4r ett legitimt program uppvisar beteende som liknar skadlig aktivitet.&#8221;<\/em><\/p><p style=\"color: rgb(255, 255, 255);\"><br><\/p>\n\n\n\n\n<p><strong style=\"color: rgb(255, 255, 255);\">Unika bes\u00f6kare sedan 2025-03-01<\/strong><\/p>\n\n\n<a href=\"https:\/\/www.easycounter.com\/se\/\">\n<img decoding=\"async\" src=\"https:\/\/www.easycounter.com\/counter.php?berkasin\"\nborder=\"0\" alt=\"r\u00e4knare\"><\/a>\n<br><a href=\"https:\/\/www.easycounter.com\/se\/\"><\/a>\n\n\n\n","protected":false},"excerpt":{"rendered":"","protected":false},"author":1,"featured_media":0,"parent":0,"menu_order":0,"comment_status":"closed","ping_status":"closed","template":"","meta":{"pagelayer_contact_templates":[],"_pagelayer_content":"","footnotes":""},"class_list":["post-3798","page","type-page","status-publish","hentry"],"_links":{"self":[{"href":"https:\/\/helgardering.se\/pools\/wp-json\/wp\/v2\/pages\/3798","targetHints":{"allow":["GET"]}}],"collection":[{"href":"https:\/\/helgardering.se\/pools\/wp-json\/wp\/v2\/pages"}],"about":[{"href":"https:\/\/helgardering.se\/pools\/wp-json\/wp\/v2\/types\/page"}],"author":[{"embeddable":true,"href":"https:\/\/helgardering.se\/pools\/wp-json\/wp\/v2\/users\/1"}],"replies":[{"embeddable":true,"href":"https:\/\/helgardering.se\/pools\/wp-json\/wp\/v2\/comments?post=3798"}],"version-history":[{"count":62,"href":"https:\/\/helgardering.se\/pools\/wp-json\/wp\/v2\/pages\/3798\/revisions"}],"predecessor-version":[{"id":5386,"href":"https:\/\/helgardering.se\/pools\/wp-json\/wp\/v2\/pages\/3798\/revisions\/5386"}],"wp:attachment":[{"href":"https:\/\/helgardering.se\/pools\/wp-json\/wp\/v2\/media?parent=3798"}],"curies":[{"name":"wp","href":"https:\/\/api.w.org\/{rel}","templated":true}]}}