{"id":3692,"date":"2025-02-22T11:20:11","date_gmt":"2025-02-22T10:20:11","guid":{"rendered":"https:\/\/helgardering.se\/pools\/?page_id=3692"},"modified":"2025-10-19T08:42:26","modified_gmt":"2025-10-19T07:42:26","slug":"licens","status":"publish","type":"page","link":"https:\/\/helgardering.se\/pools\/licens\/","title":{"rendered":"Licens"},"content":{"rendered":"\n\n\n\n\n\n\n\n<p><strong style=\"font-size: x-large;\"><font style=\"vertical-align: inherit;\"><font style=\"vertical-align: inherit;\">Vill du bli Betatestare, Licensen \u00e4r gratis<\/font><\/font><\/strong><\/p><p><font style=\"vertical-align: inherit;\"><font style=\"vertical-align: inherit;\">Skicka in en ans\u00f6kan till helgarderat@gmail.com<\/font><\/font><\/p><p><font style=\"vertical-align: inherit;\"><font style=\"vertical-align: inherit;\">Ange Namn och Efternamn samt Alias<\/font><\/font><\/p><p><font style=\"vertical-align: inherit;\"><font style=\"vertical-align: inherit;\">Licenskod och mailas<\/font><\/font><\/p><p><font style=\"vertical-align: inherit;\"><font style=\"vertical-align: inherit;\">Det finns ingen support utan du h\u00e4nvisas till ett forum d\u00e4r anv\u00e4ndarna byter erfarenheter <\/font><\/font><br><font style=\"vertical-align: inherit;\"><font style=\"vertical-align: inherit;\">Vi \u00f6kar till&nbsp; <b>26&nbsp;<\/b><\/font><\/font><font style=\"vertical-align: inherit;\"><font style=\"vertical-align: inherit;\">Betatestarlicenser totalt f\u00f6r fullversionen. Just nu finns 1 betatestar<\/font><\/font><font style=\"vertical-align: inherit;\"><font style=\"vertical-align: inherit;\">licenser lediga. <\/font><\/font><br><font style=\"vertical-align: inherit;\"><font style=\"vertical-align: inherit;\">Vi har valt att det endast f\u00e5r finnas 26 aktiva Betalicenser f\u00f6r att minimera risken f\u00f6r utdelningsfall pga av AI.<br>Som betatestare s\u00e5 testar du programmet och rapporterar buggar, kommer med f\u00f6rslag f\u00f6r att g\u00f6ra programmet \u00e4nnu b\u00e4ttre. Processen f\u00f6r Helgardering \u00e4r att vara det b\u00e4sta programmet.<\/font><\/font><\/p>\n<p><span style=\"color:#e60000;\"><strong><font style=\"vertical-align: inherit;\"><font style=\"vertical-align: inherit;\">2025-02-23 st\u00e4ngs Betatestarlicenser ned med l\u00e5g aktivitet.&nbsp;<\/font><\/font><br><\/strong><\/span><span style=\"color: rgb(230, 0, 0); font-weight: bolder;\"><font style=\"vertical-align: inherit;\"><font style=\"vertical-align: inherit;\"> F\u00f6r att \u00e5terf\u00e5 avst\u00e4ngd Licenskod kontakta helgarderat@gmail.com <\/font><\/font><br><\/span><span style=\"color: rgb(230, 0, 0);\"><span style=\"font-weight: bolder;\"><font style=\"vertical-align: inherit;\"><font style=\"vertical-align: inherit;\">F\u00f6r att beh\u00e5lla licensen m\u00e5ste ni aktivt logga in p\u00e5 Forumet. Inaktivitet i 4&nbsp;<\/font><\/font><\/span><\/span><span style=\"color: rgb(230, 0, 0);\"><span style=\"font-weight: bolder;\"><font style=\"vertical-align: inherit;\"><font style=\"vertical-align: inherit;\">m\u00e5nader st\u00e4ngs licensen av och erbjuds till nya<\/font><\/font><\/span><\/span><span style=\"color: rgb(230, 0, 0); font-weight: bolder;\"><font style=\"vertical-align: inherit;\"><font style=\"vertical-align: inherit;\"> &nbsp;anv\u00e4ndare.<br>betatestare med l\u00e5g aktivitet st\u00e4ngs ned och h\u00e4nvisas till Gratisversionen<\/font><\/font><\/span><\/p>\n<p><strong style=\"font-size: x-large;\">Avancerat<\/strong><\/p><p>Programmet kan f\u00f6r m\u00e5nga k\u00e4nnas f\u00f6r avancerat. Ta dig tid att l\u00e4ra dig programmet och nyttja forumet. M\u00e5nga d\u00e4r har en return of investment som \u00e4r positiv. Det vill s\u00e4ga det deras vinster \u00e4r betydligt h\u00f6gra \u00e4n insatserna<\/p>\n<span style=\"font-size:x-large;\"><p><strong>Utan kommersielt syfte:<\/strong><\/p><p><\/p><\/span><p><br><\/p><p>Eftersom det \u00e4r gratis, \u00e4r verktyget tillg\u00e4ngligt f\u00f6r alla spelare, oavsett ekonomiska f\u00f6ruts\u00e4ttningar. Detta fr\u00e4mjar en mer inkluderande spelgemenskap d\u00e4r fler kan delta och njuta av stryktipsspel.<\/p><p><br><\/p><p>Kvalitet genom Entusiasm: N\u00e4r ett verktyg skapas av passionerade entusiaster, \u00e5terspeglas detta ofta i kvaliteten och omtanken som har lagts ner i utvecklingen. Det visar en genuin \u00f6nskan att f\u00f6rb\u00e4ttra spelupplevelsen f\u00f6r andra.<\/p><p><br><\/p><p>F\u00f6rebygga Ekonomiska F\u00f6rluster: Genom att erbjuda verktyg som hj\u00e4lper spelare att minska risken f\u00f6r stora ekonomiska f\u00f6rluster, bidrar programmet till ett mer ansvarsfullt spelande. Det hj\u00e4lper spelare att fatta mer informerade och strategiska beslut.<\/p><p><br><\/p><p>Community-driven: Ett verktyg som skapas av och f\u00f6r communityn kan ofta vara mer anpassat till anv\u00e4ndarnas verkliga behov och \u00f6nskem\u00e5l. Det kan ocks\u00e5 uppmuntra anv\u00e4ndarna att bidra med feedback och id\u00e9er f\u00f6r kontinuerliga f\u00f6rb\u00e4ttringar.<\/p><p><br><\/p><p>Transparens och F\u00f6rtroende: Att erbjuda ett gratis verktyg utan kommersiellt syfte skapar en k\u00e4nsla av transparens och f\u00f6rtroende mellan skaparna och anv\u00e4ndarna. Det visar att m\u00e5let \u00e4r att hj\u00e4lpa snarare \u00e4n att tj\u00e4na pengar. \u00d6verlag \u00e4r det en fantastisk insats av entusiasterna bakom Helgardering.se, och det bidrar verkligen till att f\u00f6rb\u00e4ttra spelupplevelsen f\u00f6r m\u00e5nga.<\/p>\n\n\n\n\n<h2 style=\"color: rgb(255, 255, 255);\">Gratis versionen<\/h2>\n\n\n\n\n<p style=\"color: rgb(255, 255, 255);\">Gratis version som g\u00e5r att ladda ned \u00e4r begr\u00e4nsat d\u00e4r vissa funktioner \u00e4r st\u00e4ngda.<br>H\u00e4nvisning till manual. Ingen support ges f\u00f6r gratisversionen.&nbsp;<br>De 27 Betaversionslicenser som ligger ute d\u00e4r finns Support via Forumet.<br>ibland sl\u00e4pps fullversionlicenser, f\u00f6rst till kvarn \u00e4r det som g\u00e4ller d\u00e5.<br>Inaktiva fullversionslicenser raderas och erbjuds tills 27 stycken \u00e4r bokade<\/p>\n\n\n","protected":false},"excerpt":{"rendered":"","protected":false},"author":1,"featured_media":0,"parent":0,"menu_order":0,"comment_status":"closed","ping_status":"closed","template":"","meta":{"pagelayer_contact_templates":[],"_pagelayer_content":"","footnotes":""},"class_list":["post-3692","page","type-page","status-publish","hentry"],"_links":{"self":[{"href":"https:\/\/helgardering.se\/pools\/wp-json\/wp\/v2\/pages\/3692","targetHints":{"allow":["GET"]}}],"collection":[{"href":"https:\/\/helgardering.se\/pools\/wp-json\/wp\/v2\/pages"}],"about":[{"href":"https:\/\/helgardering.se\/pools\/wp-json\/wp\/v2\/types\/page"}],"author":[{"embeddable":true,"href":"https:\/\/helgardering.se\/pools\/wp-json\/wp\/v2\/users\/1"}],"replies":[{"embeddable":true,"href":"https:\/\/helgardering.se\/pools\/wp-json\/wp\/v2\/comments?post=3692"}],"version-history":[{"count":46,"href":"https:\/\/helgardering.se\/pools\/wp-json\/wp\/v2\/pages\/3692\/revisions"}],"predecessor-version":[{"id":5210,"href":"https:\/\/helgardering.se\/pools\/wp-json\/wp\/v2\/pages\/3692\/revisions\/5210"}],"wp:attachment":[{"href":"https:\/\/helgardering.se\/pools\/wp-json\/wp\/v2\/media?parent=3692"}],"curies":[{"name":"wp","href":"https:\/\/api.w.org\/{rel}","templated":true}]}}